{"id":160,"date":"2021-05-05T00:35:28","date_gmt":"2021-05-05T00:35:28","guid":{"rendered":"https:\/\/demelina.com\/?page_id=160"},"modified":"2024-11-20T07:25:58","modified_gmt":"2024-11-20T07:25:58","slug":"service-areas","status":"publish","type":"page","link":"https:\/\/demelina.com\/en\/service-areas\/","title":{"rendered":"Service Areas"},"content":{"rendered":"\n<div class=\"wp-block-columns is-layout-flex wp-container-core-columns-is-layout-9d6595d7 wp-block-columns-is-layout-flex\">\n<div class=\"wp-block-column is-layout-flow wp-block-column-is-layout-flow\">\n<h3 class=\"wp-block-heading\"><strong><span class=\"has-inline-color has-vivid-cyan-blue-color\">Moving service areas<\/span><\/strong><\/h3>\n\n\n\n<hr class=\"wp-block-separator is-style-wide\"\/>\n\n\n\n<p>We are a team of professionals dedicated to providing quality <a href=\"https:\/\/demelina.com\/en\/service\/residential-moving\/\"><span class=\"has-inline-color has-vivid-cyan-blue-color\">residential<\/span><\/a>, <a href=\"https:\/\/demelina.com\/en\/service\/commercial-moving\/\"><span class=\"has-inline-color has-vivid-cyan-blue-color\">commercial <\/span><\/a>and <a href=\"https:\/\/demelina.com\/en\/long-distance-moving\/\"><span class=\"has-inline-color has-vivid-cyan-blue-color\">long distance<\/span><\/a> moving services throughout <a href=\"https:\/\/demelina.com\/en\/location\/moving-montreal\/\"><span class=\"has-inline-color has-vivid-cyan-blue-color\">Montreal<\/span><\/a>, <a href=\"https:\/\/demelina.com\/en\/location\/moving-north-shore\/\"><span class=\"has-inline-color has-vivid-cyan-blue-color\">North Shore<\/span><\/a>, <a href=\"https:\/\/demelina.com\/en\/location\/moving-south-shore\/\"><span class=\"has-inline-color has-vivid-cyan-blue-color\">South Shore<\/span><\/a>, Lanaudi\u00e8re, Laurentides, Mont\u00e9r\u00e9gie, Estrie and throughout the province of <a href=\"https:\/\/demelina.com\/en\/long-distance\/moving-montreal-quebec\/\"><span class=\"has-inline-color has-vivid-cyan-blue-color\">Quebec<\/span><\/a>, <a href=\"https:\/\/demelina.com\/en\/long-distance\/moving-montreal-ontario\/\"><span class=\"has-inline-color has-vivid-cyan-blue-color\">Ontario<\/span><\/a>, <a href=\"https:\/\/demelina.com\/en\/long-distance\/moving-montreal-new-brunswick\/\"><span class=\"has-inline-color has-vivid-cyan-blue-color\">New Brunswick<\/span><\/a>, Nova Scotia etc.<\/p>\n\n\n\n<hr class=\"wp-block-separator is-style-wide\"\/>\n\n\n\n<p><strong>Your city does not appear in our list? <\/strong>Then contact us at <strong><span class=\"has-inline-color has-vivid-cyan-blue-color\">438 989 8639<\/span><\/strong> or fill out the <a href=\"https:\/\/demelina.com\/en\/free-quote\/\"><span class=\"has-inline-color has-vivid-cyan-blue-color\">free online quote form<\/span><\/a>.<\/p>\n<\/div>\n\n\n\n<div class=\"wp-block-column is-layout-flow wp-block-column-is-layout-flow\">\n<figure class=\"wp-block-image size-large\"><img loading=\"lazy\" decoding=\"async\" width=\"1024\" height=\"576\" src=\"https:\/\/demelina.com\/wp-content\/uploads\/2021\/10\/zones-de-services-1-1024x576.jpg\" alt=\"Zones de services\" class=\"wp-image-3265\" srcset=\"https:\/\/demelina.com\/wp-content\/uploads\/2021\/10\/zones-de-services-1-1024x576.jpg 1024w, https:\/\/demelina.com\/wp-content\/uploads\/2021\/10\/zones-de-services-1-300x169.jpg 300w, https:\/\/demelina.com\/wp-content\/uploads\/2021\/10\/zones-de-services-1-768x432.jpg 768w, https:\/\/demelina.com\/wp-content\/uploads\/2021\/10\/zones-de-services-1-1536x864.jpg 1536w, https:\/\/demelina.com\/wp-content\/uploads\/2021\/10\/zones-de-services-1-1200x675.jpg 1200w, https:\/\/demelina.com\/wp-content\/uploads\/2021\/10\/zones-de-services-1.jpg 1920w\" sizes=\"auto, (max-width: 1024px) 100vw, 1024px\" \/><\/figure>\n<\/div>\n<\/div>\n","protected":false},"excerpt":{"rendered":"<p>Moving service areas We are a team of professionals dedicated to providing quality residential, commercial and long distance moving services throughout Montreal, North Shore, South Shore, Lanaudi\u00e8re, Laurentides, Mont\u00e9r\u00e9gie, Estrie and throughout the province of Quebec, Ontario, New Brunswick, Nova Scotia etc. Your city does not appear in our list? Then contact us at 438 [&hellip;]<\/p>\n","protected":false},"author":1,"featured_media":1481,"parent":0,"menu_order":0,"comment_status":"closed","ping_status":"closed","template":"template-locations.php","meta":{"footnotes":""},"class_list":["post-160","page","type-page","status-publish","has-post-thumbnail","hentry"],"yoast_head":"<!-- This site is optimized with the Yoast SEO Premium plugin v24.2 (Yoast SEO v27.4) - https:\/\/yoast.com\/product\/yoast-seo-premium-wordpress\/ -->\n<title>Reliable Moving Services Across Canada | Demelina Moving<\/title>\n<meta name=\"description\" content=\"We offer you the highest quality moving services in Montreal at the best price, service areas across Quebec and Canada. Free quote.\" \/>\n<meta name=\"robots\" content=\"index, follow, max-snippet:-1, max-image-preview:large, max-video-preview:-1\" \/>\n<link rel=\"canonical\" href=\"https:\/\/demelina.com\/en\/service-areas\/\" \/>\n<meta property=\"og:locale\" content=\"en_US\" \/>\n<meta property=\"og:type\" content=\"article\" \/>\n<meta property=\"og:title\" content=\"Service Areas\" \/>\n<meta property=\"og:description\" content=\"Moving service areas We are a team of professionals dedicated to providing quality residential, commercial and long distance moving services throughout\" \/>\n<meta property=\"og:url\" content=\"https:\/\/demelina.com\/en\/service-areas\/\" \/>\n<meta property=\"og:site_name\" content=\"Demelina Moving\" \/>\n<meta property=\"article:modified_time\" content=\"2024-11-20T07:25:58+00:00\" \/>\n<meta property=\"og:image\" content=\"https:\/\/demelina.com\/wp-content\/uploads\/2021\/06\/zones-de-services-1024x526.jpg\" \/>\n\t<meta property=\"og:image:width\" content=\"1024\" \/>\n\t<meta property=\"og:image:height\" content=\"526\" \/>\n\t<meta property=\"og:image:type\" content=\"image\/jpeg\" \/>\n<meta name=\"twitter:label1\" content=\"Est. reading time\" \/>\n\t<meta name=\"twitter:data1\" content=\"1 minute\" \/>\n<script type=\"application\/ld+json\" class=\"yoast-schema-graph\">{\"@context\":\"https:\\\/\\\/schema.org\",\"@graph\":[{\"@type\":\"WebPage\",\"@id\":\"https:\\\/\\\/demelina.com\\\/en\\\/service-areas\\\/\",\"url\":\"https:\\\/\\\/demelina.com\\\/en\\\/service-areas\\\/\",\"name\":\"Reliable Moving Services Across Canada | Demelina Moving\",\"isPartOf\":{\"@id\":\"https:\\\/\\\/demelina.com\\\/en\\\/#website\"},\"primaryImageOfPage\":{\"@id\":\"https:\\\/\\\/demelina.com\\\/en\\\/service-areas\\\/#primaryimage\"},\"image\":{\"@id\":\"https:\\\/\\\/demelina.com\\\/en\\\/service-areas\\\/#primaryimage\"},\"thumbnailUrl\":\"https:\\\/\\\/demelina.com\\\/wp-content\\\/uploads\\\/2021\\\/06\\\/zones-de-services.jpg\",\"datePublished\":\"2021-05-05T00:35:28+00:00\",\"dateModified\":\"2024-11-20T07:25:58+00:00\",\"description\":\"We offer you the highest quality moving services in Montreal at the best price, service areas across Quebec and Canada. Free quote.\",\"breadcrumb\":{\"@id\":\"https:\\\/\\\/demelina.com\\\/en\\\/service-areas\\\/#breadcrumb\"},\"inLanguage\":\"en-US\",\"potentialAction\":[{\"@type\":\"ReadAction\",\"target\":[\"https:\\\/\\\/demelina.com\\\/en\\\/service-areas\\\/\"]}]},{\"@type\":\"ImageObject\",\"inLanguage\":\"en-US\",\"@id\":\"https:\\\/\\\/demelina.com\\\/en\\\/service-areas\\\/#primaryimage\",\"url\":\"https:\\\/\\\/demelina.com\\\/wp-content\\\/uploads\\\/2021\\\/06\\\/zones-de-services.jpg\",\"contentUrl\":\"https:\\\/\\\/demelina.com\\\/wp-content\\\/uploads\\\/2021\\\/06\\\/zones-de-services.jpg\",\"width\":2560,\"height\":1315,\"caption\":\"Zones de services\"},{\"@type\":\"BreadcrumbList\",\"@id\":\"https:\\\/\\\/demelina.com\\\/en\\\/service-areas\\\/#breadcrumb\",\"itemListElement\":[{\"@type\":\"ListItem\",\"position\":1,\"name\":\"Home\",\"item\":\"https:\\\/\\\/demelina.com\\\/en\\\/\"},{\"@type\":\"ListItem\",\"position\":2,\"name\":\"Service Areas\"}]},{\"@type\":\"WebSite\",\"@id\":\"https:\\\/\\\/demelina.com\\\/en\\\/#website\",\"url\":\"https:\\\/\\\/demelina.com\\\/en\\\/\",\"name\":\"Demelina Moving\",\"description\":\"Moving Services in Greater Montr\u00e9al\",\"potentialAction\":[{\"@type\":\"SearchAction\",\"target\":{\"@type\":\"EntryPoint\",\"urlTemplate\":\"https:\\\/\\\/demelina.com\\\/en\\\/?s={search_term_string}\"},\"query-input\":{\"@type\":\"PropertyValueSpecification\",\"valueRequired\":true,\"valueName\":\"search_term_string\"}}],\"inLanguage\":\"en-US\"}]}<\/script>\n<!-- \/ Yoast SEO Premium plugin. -->","yoast_head_json":{"title":"Reliable Moving Services Across Canada | Demelina Moving","description":"We offer you the highest quality moving services in Montreal at the best price, service areas across Quebec and Canada. Free quote.","robots":{"index":"index","follow":"follow","max-snippet":"max-snippet:-1","max-image-preview":"max-image-preview:large","max-video-preview":"max-video-preview:-1"},"canonical":"https:\/\/demelina.com\/en\/service-areas\/","og_locale":"en_US","og_type":"article","og_title":"Service Areas","og_description":"Moving service areas We are a team of professionals dedicated to providing quality residential, commercial and long distance moving services throughout","og_url":"https:\/\/demelina.com\/en\/service-areas\/","og_site_name":"Demelina Moving","article_modified_time":"2024-11-20T07:25:58+00:00","og_image":[{"width":1024,"height":526,"url":"https:\/\/demelina.com\/wp-content\/uploads\/2021\/06\/zones-de-services-1024x526.jpg","type":"image\/jpeg"}],"twitter_misc":{"Est. reading time":"1 minute"},"schema":{"@context":"https:\/\/schema.org","@graph":[{"@type":"WebPage","@id":"https:\/\/demelina.com\/en\/service-areas\/","url":"https:\/\/demelina.com\/en\/service-areas\/","name":"Reliable Moving Services Across Canada | Demelina Moving","isPartOf":{"@id":"https:\/\/demelina.com\/en\/#website"},"primaryImageOfPage":{"@id":"https:\/\/demelina.com\/en\/service-areas\/#primaryimage"},"image":{"@id":"https:\/\/demelina.com\/en\/service-areas\/#primaryimage"},"thumbnailUrl":"https:\/\/demelina.com\/wp-content\/uploads\/2021\/06\/zones-de-services.jpg","datePublished":"2021-05-05T00:35:28+00:00","dateModified":"2024-11-20T07:25:58+00:00","description":"We offer you the highest quality moving services in Montreal at the best price, service areas across Quebec and Canada. Free quote.","breadcrumb":{"@id":"https:\/\/demelina.com\/en\/service-areas\/#breadcrumb"},"inLanguage":"en-US","potentialAction":[{"@type":"ReadAction","target":["https:\/\/demelina.com\/en\/service-areas\/"]}]},{"@type":"ImageObject","inLanguage":"en-US","@id":"https:\/\/demelina.com\/en\/service-areas\/#primaryimage","url":"https:\/\/demelina.com\/wp-content\/uploads\/2021\/06\/zones-de-services.jpg","contentUrl":"https:\/\/demelina.com\/wp-content\/uploads\/2021\/06\/zones-de-services.jpg","width":2560,"height":1315,"caption":"Zones de services"},{"@type":"BreadcrumbList","@id":"https:\/\/demelina.com\/en\/service-areas\/#breadcrumb","itemListElement":[{"@type":"ListItem","position":1,"name":"Home","item":"https:\/\/demelina.com\/en\/"},{"@type":"ListItem","position":2,"name":"Service Areas"}]},{"@type":"WebSite","@id":"https:\/\/demelina.com\/en\/#website","url":"https:\/\/demelina.com\/en\/","name":"Demelina Moving","description":"Moving Services in Greater Montr\u00e9al","potentialAction":[{"@type":"SearchAction","target":{"@type":"EntryPoint","urlTemplate":"https:\/\/demelina.com\/en\/?s={search_term_string}"},"query-input":{"@type":"PropertyValueSpecification","valueRequired":true,"valueName":"search_term_string"}}],"inLanguage":"en-US"}]}},"_links":{"self":[{"href":"https:\/\/demelina.com\/en\/wp-json\/wp\/v2\/pages\/160","targetHints":{"allow":["GET"]}}],"collection":[{"href":"https:\/\/demelina.com\/en\/wp-json\/wp\/v2\/pages"}],"about":[{"href":"https:\/\/demelina.com\/en\/wp-json\/wp\/v2\/types\/page"}],"author":[{"embeddable":true,"href":"https:\/\/demelina.com\/en\/wp-json\/wp\/v2\/users\/1"}],"replies":[{"embeddable":true,"href":"https:\/\/demelina.com\/en\/wp-json\/wp\/v2\/comments?post=160"}],"version-history":[{"count":6,"href":"https:\/\/demelina.com\/en\/wp-json\/wp\/v2\/pages\/160\/revisions"}],"predecessor-version":[{"id":3269,"href":"https:\/\/demelina.com\/en\/wp-json\/wp\/v2\/pages\/160\/revisions\/3269"}],"wp:featuredmedia":[{"embeddable":true,"href":"https:\/\/demelina.com\/en\/wp-json\/wp\/v2\/media\/1481"}],"wp:attachment":[{"href":"https:\/\/demelina.com\/en\/wp-json\/wp\/v2\/media?parent=160"}],"curies":[{"name":"wp","href":"https:\/\/api.w.org\/{rel}","templated":true}]}}